{"id":221,"date":"2020-06-19T17:24:27","date_gmt":"2020-06-19T17:24:27","guid":{"rendered":"https:\/\/web.sanchez-herrero.es\/?page_id=221"},"modified":"2020-06-24T18:56:36","modified_gmt":"2020-06-24T18:56:36","slug":"hipnotismo-y-sugestion-prensa-1886-87","status":"publish","type":"page","link":"https:\/\/www.sanchez-herrero.es\/index.php\/hipnotismo-y-sugestion-prensa-1886-87\/","title":{"rendered":"Hipnotismo y Sugesti\u00f3n prensa 1886-87"},"content":{"rendered":"\n<p>Tras la \u00faltima publicaci\u00f3n de Hippolyte Bernheim en Francia sobre la sugesti\u00f3n hipn\u00f3tica, Abd\u00f3n S\u00e1nchez Herrero, decidi\u00f3 experimentar en su cl\u00ednica de Valladolid, sus propias experiencias con pacientes y dar conferencias experimentales en la Facultad de Medicina a sus alumnos. La sorpresa fue el gran inter\u00e9s que produjo y la asistencia de un gran numero de alumnos de otras disciplinas, abogados y periodistas, convirtiendo sus conferencias en algo verdaderamente sorprendente. Una mala interpretaci\u00f3n del uso del hipnotismo en el ambiente universitario, provoc\u00f3 cr\u00edticas de compa\u00f1eros de la facultad y de miembros de la jerarqu\u00eda eclesi\u00e1stica que calificaron como inaceptables estas pr\u00e1cticas. Esta situaci\u00f3n lleg\u00f3 a generar una amenaza de supresi\u00f3n temporal de su c\u00e1tedra si no cesaba en su tentativa de seguir con ellas. Al final el apoyo incondicional de sus alumnos, restableci\u00f3 estas investigaciones, que acabaron definitivamente con la publicaci\u00f3n en 1889 de la primera edici\u00f3n de su voluminosa obra sobre el Hipnotismo y la Sugesti\u00f3n, considerada todav\u00eda hoy en d\u00eda, como uno de los principales referentes en esta materia, no solo en Espa\u00f1a.<\/p>\n\n\n\n<figure class=\"wp-block-image size-large is-resized\"><img loading=\"lazy\" decoding=\"async\" src=\"https:\/\/web.sanchez-herrero.es\/wp-content\/uploads\/2020\/06\/universidadValladolid.jpg\" alt=\"\" class=\"wp-image-230\" width=\"803\" height=\"540\" srcset=\"https:\/\/www.sanchez-herrero.es\/wp-content\/uploads\/2020\/06\/universidadValladolid.jpg 888w, https:\/\/www.sanchez-herrero.es\/wp-content\/uploads\/2020\/06\/universidadValladolid-300x202.jpg 300w, https:\/\/www.sanchez-herrero.es\/wp-content\/uploads\/2020\/06\/universidadValladolid-768x517.jpg 768w\" sizes=\"auto, (max-width: 767px) 89vw, (max-width: 1000px) 54vw, (max-width: 1071px) 543px, 580px\" \/><figcaption>Durante su etapa como catedr\u00e1tico en Valladolid dio conferencias en la Facultad de Medicina sobre sus experiencias con la sugesti\u00f3n hipn\u00f3tica<\/figcaption><\/figure>\n\n\n\n<p>Ante el gran inter\u00e9s que despertaron estas conferencias algunos medios como El Correo Castellano se hicieron eco de ellas solicitando publicarlas. Estas son algunas de ellas publicadas entre finales de 1886 y enero de 1887 y 1888<\/p>\n\n\n\n<div class=\"wp-block-file\"><a href=\"https:\/\/web.sanchez-herrero.es\/wp-content\/uploads\/2020\/06\/1\u00aa-Hipnotismo-Sug-Valladolid-1886-87-copia.pdf\">1\u00aa publicaci\u00f3n en prensa Hipnotismo y Sugesti\u00f3n Valladolid 1886<\/a><a href=\"https:\/\/web.sanchez-herrero.es\/wp-content\/uploads\/2020\/06\/1\u00aa-Hipnotismo-Sug-Valladolid-1886-87-copia.pdf\" class=\"wp-block-file__button\" download>Descarga<\/a><\/div>\n\n\n\n<div class=\"wp-block-file\"><a href=\"https:\/\/web.sanchez-herrero.es\/wp-content\/uploads\/2020\/06\/4\u00aa-Hipnotismo-Valladolid-conf.1886-copia.pdf\">4\u00aa Conferencia sobre Hipnotismo en Universidad Valladolid 1886 <\/a><a href=\"https:\/\/web.sanchez-herrero.es\/wp-content\/uploads\/2020\/06\/4\u00aa-Hipnotismo-Valladolid-conf.1886-copia.pdf\" class=\"wp-block-file__button\" download>Descarga<\/a><\/div>\n\n\n\n<div class=\"wp-block-file\"><a href=\"https:\/\/web.sanchez-herrero.es\/wp-content\/uploads\/2020\/06\/5\u00ba-20-enero-1887-Hipnotismo.pdf\">5\u00ba Conferencia publicada el 20 enero de 1887 sobre Hipnotismo<\/a><a href=\"https:\/\/web.sanchez-herrero.es\/wp-content\/uploads\/2020\/06\/5\u00ba-20-enero-1887-Hipnotismo.pdf\" class=\"wp-block-file__button\" download>Descarga<\/a><\/div>\n\n\n\n<div class=\"wp-block-file\"><a href=\"https:\/\/web.sanchez-herrero.es\/wp-content\/uploads\/2020\/06\/6\u00ba-20011887-Conclusio\u0301n-Hipnotismo-1.pdf\">6\u00ba Conferencia publicada el 20:01:1887 Conclusio\u0301n Hipnotismo<\/a><a href=\"https:\/\/web.sanchez-herrero.es\/wp-content\/uploads\/2020\/06\/6\u00ba-20011887-Conclusio\u0301n-Hipnotismo-1.pdf\" class=\"wp-block-file__button\" download>Descarga<\/a><\/div>\n\n\n\n<p><a href=\"https:\/\/web.sanchez-herrero.es\/wp-content\/uploads\/2020\/06\/ALALIA-1888.pdf\">7\u00aa Conferencia Un caso de Alalia (curaci\u00f3n sordo-mudo) 1887<\/a><\/p>\n\n\n\n<p>Valladolid, Octubre de 1887. Publicado en enero de 1888<\/p>\n\n\n\n<p>SECCI\u00d3N DOCTRINAL <\/p>\n\n\n\n<p>CURACI\u00d3N PSICOTER\u00c1PICA DE UN CASO DE ALALIA por el Dr. D. Abd\u00f3n S\u00e1nchez Herrero Catedr\u00e1tico de Cl\u00ednica m\u00e9dica en la Universidad de Valladolid.<\/p>\n\n\n\n<p>El Hipnotismo y la Sugesti\u00f3n, como todos los descubrimientos verdaderamente \u00fatiles, se van abriendo paso \u00e1 trav\u00e9s de todos los obst\u00e1culos y de todas las preocupaciones. Pero, la comprobaci\u00f3n seria de sus admirables fen\u00f3menos, que debiera ser el palenque de discusi\u00f3n, y el estudio experimental, \u00fanica piedra de toque para conocer la utilidad de sus aplicaciones, est\u00e1n reservados en este desgraciado pa\u00eds de los apasionamientos y de la palabrer\u00eda est\u00e9ril \u00e1 unos cuantos trabajadores, de los cuales me considero el \u00faltimo en m\u00e9rito, aunque no lo haya sido en comenzar el trabajo. En tanto, aparecen con frecuencia individuos que conocen de o\u00eddas y muy mal los problemas hipn\u00f3ticosugestivos, y que guiados no s\u00e9 por qu\u00e9; af\u00e1n de arbitraria contradicci\u00f3n, \u00f3 por cu\u00e1les bastardos intereses, pretenden resolverlos en la mesa del caf\u00e9 \u00f3 en discursos hechos ante asociaciones no cient\u00edficas, con unas cuantas vulgaridades y muchas reticencias de mal gusto.<\/p>\n\n\n\n<p>Hablan de los peligros del Hipnotismo y la Sugesti\u00f3n, que ellos son los primeros en desconocer, y parece como que tienen empe\u00f1o en hacer opini\u00f3n contraiga \u00e1 tan poderosos modificadores org\u00e1nicos y \u00e1 las personas que los estudian y aplican.<\/p>\n\n\n\n<p>Afortunadamente no bastan ya para hacer opini\u00f3n discursos mal\u00e9volos, insustanciales y apasionados, sean cualesquiera los labios qu\u00e9 los pronuncien. Al gran p\u00fablico, m\u00e1s sensato de lo que piensan ciertos mentores, se le convence con hechos tangibles y no con declamaciones virulentas; y por mi parte, si alguno de esos mentores me hubiese aludido \u00f3 aludiese en alguna de sus citadas exhibiciones, no he de entablar por ello pol\u00e9mica; porque sus reticencias no est\u00e1n ni con mucho \u00e1 la altura de mi desprecio, sus vulgaridades se caen ellas solas y sus intenciones son demasiado transparentes y debidamente apreciadas para que haya necesidad de ponerlas en claro.<\/p>\n\n\n\n<p>Mientras publico la segunda parte de mi libro sobre El Hipnotismo y la Sugesti\u00f3n dedicada a la Psicoterapia, y que contendr\u00e1 m\u00e1s de cien observaciones (1) de enfermos grav\u00edsimos curados por el tratamiento hipn\u00f3tico-sugestivo, me limito hoy a adelantar la observaci\u00f3n siguiente, que espero, leer\u00e1n con inter\u00e9s los suscritores del Correo M\u00e9dico Castellano. As\u00ed accedo a la petici\u00f3n de original para el pr\u00f3ximo n\u00famero que me hace mi querido condisc\u00edpulo y amigo el Dr. L\u00f3pez Alonso, y vuelvo por los fueros de la verdad que alguien trata de oscurecer con habladur\u00edas.<\/p>\n\n\n\n<p>Manuel del Rey, casado, vecino de Salamanca en la calle de Toro n\u00famero 63, del comercio de embutidos, de treinta a\u00f1os de edad, estatura atl\u00e9tica, moreno, temperamento nervioso, muy impresionable, buena inteligencia y regular instrucci\u00f3n; ha sido soldado de la escolta real. Se present\u00f3 en mi cl\u00ednica el 9 de Octubre del presente a\u00f1o (1887), recomendado por su m\u00e9dico, mi amigo el Dr. Baz, y acompa\u00f1ado de su hermano Pablo, el cual por la mudez del enfermo, me suministr\u00f3 los siguientes datos:<\/p>\n\n\n\n<p>En su familia hay un sordo-mudo de nacimiento y varios neur\u00f3patas (Histerismo); pero Manuel ha gozado siempre buena salud. Disgustos de familia y comerciales sufridos hace dos meses y medio, \u00f3 al menos \u00e1 esta causa atribuye Pablo la enfermedad del paciente, fueron seguidos de tres ataques convulsivos, con p\u00e9rdida completa del conocimiento, de algunas horas de duraci\u00f3n. El intervalo entre estos ataques fue de ocho d\u00edas. Desde el primero perdi\u00f3 el enfermo el uso de la palabra y sinti\u00f3 dificultad para deglutir los alimentos y bebidas, cuyos trastornos persisten en igual estado y son los que han motivado su venida a someterse al nuevo m\u00e9todo terap\u00e9utico, despu\u00e9s de haber agotado todos los medios aconsejados por los distinguidos doctores Baz, S\u00e1nchez Llevot y L\u00f3pez Alonso que le han asistido.<\/p>\n\n\n\n<p>Desde el primer reconocimiento pude apreciar un regular estado de la nutrici\u00f3n; pulso lleno y frecuent\u00edsimo (115 pulsaciones por minuto) con ligeras irregularidades en el ritmo y en la intensidad; ruido tenue de soplo en el s\u00edstole cardiaco y en la punta del coraz\u00f3n; respiraci\u00f3n frecuente y anhelosa, sonoridad normal del tor\u00e1x \u00e1 la percusi\u00f3n, salvo ligera macidez en las bases de ambos pulmones y aumento de la zona de macidez correspondiente al coraz\u00f3n; ruidos respiratorios normales, menos en las bases en que aparec\u00edan disminuidos. El enfermo o\u00eda bien y escrib\u00eda correctamente expres\u00e1ndose por este medio con toda regularidad. Todos sus esfuerzos para hablar eran in\u00fatiles, produciendo solamente sonidos guturales y nasales ininteligibles. Le invit\u00e9 \u00e1 sacar la lengua fuera de la boca y abri\u00f3 esta anchamente sin lograrlo; pegada al fondo de la cavidad bucal, aparec\u00eda gruesa y temblorosa. Deprimida, pude observar el velo del paladar p\u00e9ndulo y sin movimiento alguno a pesar de haberle excitado por repetidos contactos con un estilete. Los reflejos far\u00edngeos estaban disminuidos y el enfermo acusaba por se\u00f1as dificultad para tragar. En todos los dem\u00e1s \u00f3rganos y funciones no mencionados, no hab\u00eda ning\u00fan s\u00edntoma por el momento; pero m\u00e1s tarde supe por el mismo enfermo que se fatigaba un tanto y ten\u00eda disnea al subir la escalera y al hacer cualquier ejercicio activo un poco prolongado.<\/p>\n\n\n\n<p><em>Diagn\u00f3stico<\/em>: Insuficiencia mitral poco acentuada: lesi\u00f3n anat\u00f3mica por congesti\u00f3n repetida, \u00f3 hemorragia, del n\u00facleo bulbar del Hipogloso, menos considerable en el del Glosofar\u00edngeo y acaso en el del Espinal.<\/p>\n\n\n\n<p><em>Tratamiento<\/em>: Digitalina al interior, cuyos efectos fueron los deseados, normalizando la circulaci\u00f3n y la respiraci\u00f3n al cabo de algunos d\u00edas. Prescindo de esta indicaci\u00f3n por demasiado conocida y porque el indicado medicamento nada pudo influir en los resultados hipn\u00f3tico-sugestivos obtenidos en el mismo d\u00eda 9 de Octubre antes de su , administraci\u00f3n, ni en los m\u00e1s notables del siguiente d\u00eda 10, ni habr\u00e1 nadie que con raz\u00f3n pueda asignarle un papel cualquiera en los definitivos.<\/p>\n\n\n\n<p><em>9 de Octubre.<\/em> 1\u00aa Hipnotizaci\u00f3n. Sentado el enfermo en una butaca de alto respaldo, tembloroso de emoci\u00f3n, le invito a que fije su mirada en la m\u00eda y a no pensar m\u00e1s que en dormir. Al minuto y medio, sus ojos, despu\u00e9s de un ligero pesta\u00f1eo, se cierran, advirti\u00e9ndose una convulsi\u00f3n cl\u00f3nica fibrilar de los p\u00e1rpados. Levant\u00e1ndole un brazo y una pierna quedan r\u00edgidos. Examinada la sensibilidad al dolor por medio de una picadura de alfiler en el dorso de la mano derecha, no reacciona ni da se\u00f1al de molestia. Hay por tanto Catal\u00e9psia y Analgesia.<\/p>\n\n\n\n<p><em>Sugesti\u00f3n<\/em>: <em>\u201c Manuel: V. siente un calor considerable, sin ser penoso, en toda la boca y garganta por dentro, acompa\u00f1ado de un apretamiento muy grande en toda esta parte<\/em> (poni\u00e9ndole la mano en la anterior del cuello). <em>Siente V. que su lengua adquiere fuerza, y que puede V. moverla en todos sentidos, como podr\u00e1 sacarla de la boca cuando yo se lo mande. Al despertar habr\u00e1 V. recobrado, el uso de la palabra y ahora mismo va V. a pronunciar su nombre. A ver c\u00f3mo dice V.: Ma&#8230; nu&#8230; el.,\u201d<\/em> (El Hipnotizado repite Manuel, de una manera muy inteligible, si bien defectuosa, pues se distinguen mal. las letras paladiales n y l.) <em>\u201cNo me conformo con eso; m\u00e1s claro: Manuel\u201d<\/em> El enfermo repite Manuel de un modo mucho m\u00e1s perfecto. Despu\u00e9s le mand\u00e9 descansar, y previa la repetici\u00f3n de la sugesti\u00f3n, le despert\u00e9 al cuarto de hora por medio del mandato y un ligero soplo sobre la cara. No conservaba recuerdo alguno de lo sucedido. El enfermo, pues, se hab\u00eda hipnotizado en Sonambulismo. En seguida, empez\u00f3 a hablar, aunque gangoso, de manera que todos los presentes le entend\u00edamos muy bien. Dijo que sent\u00eda muy apretada la parte anterior del cuello y mucho calor en la boca y garganta; y que ya pod\u00eda mover la lengua y tragar mejor la saliva. Invitado a sacar la lengua fuera de la boca, lo hizo, pero apareciendo el \u00f3rgano tembloroso \u00e9 inclin\u00e1ndose su punta hacia la derecha.<\/p>\n\n\n\n<p>Estaba en presencia de un sujeto muy sugestible y le asegur\u00e9 su pronta curaci\u00f3n. Le recomend\u00e9 que no hablara nada aquel d\u00eda para no fatigar los m\u00fasculos cuya contractilidad acaba de recobrar,, y se despidi\u00f3, ya contento, pero en muy diferente estado del que adquiri\u00f3 por virtud de la siguiente sesi\u00f3n el 10 de Octubre.<\/p>\n\n\n\n<p><em>2\u00aa Hipnotizaci\u00f3n.<\/em>\u2014 En la misma postura que el d\u00eda anterior, y por el mismo procedimiento, se hipnotiza el enfermo en medio minuto. Sugesti\u00f3n: <em>\u201cManuel: esto es hecho; ha recobrado V. la palabra de una manera perfecta. Su lengua de V. obedece \u00e1 su voluntad,y aparece nuevamente la fuerza en ella y en toda la garganta. Traga usted bien.\u201d<\/em>(El son\u00e1mbulo hace movimientos de degluci\u00f3n.) <em>\u201cAhora mismo va V. \u00e1 decir muy claro: Diez de Octubre de mil ochocientos ochenta y siete. A ve<\/em>r\u201d El enfermo repite claro y limpio: diez de octubre DE MIL OCHOCIENTOS OCHENTA Y SIETE<\/p>\n\n\n\n<p>Perd\u00f3neme el lector un par\u00e9ntesis dedicado al recuerdo de aquel momento, en que sent\u00ed el goce m\u00e1s inefable de mi vida. Oyendo hablar a mi mudo, una emoci\u00f3n indefinible, algo as\u00ed como orgullo satisfecho, pr\u00f3ximo tal vez al v\u00e9rtigo de la vanidad leg\u00edtima, si tal pasi\u00f3n puede serlo, invadi\u00f3 todo mi ser, y en seguida sin quererlo me asaltaron en tropel ideas adquiridas en la cuna que me impulsaban por manera irresistible a llevar mi pensamiento, con la ofrenda de mi triunfo, al ara misteriosa donde posa sus pies lo Sobrenatural y lo Eterno. Un momento de recogimiento fue necesario para ese acto inanalizable del esp\u00edritu. Momento sublime de oraci\u00f3n muda, para el cual no tiene mi alma expresi\u00f3n ni mi lenguaje palabras. \u00a1Qu\u00e9 chicos y qu\u00e9 despreciables me parecieron entonces los obst\u00e1culos que he vencido y todos los que salgan a mi paso en la lucha por el Hipnotismo y la Sugesti\u00f3n!<\/p>\n\n\n\n<p>Perdone el lector Otra vez, y en pago, le deseo muchos placeres semejantes al sentido por m\u00ed en el d\u00eda citado, y antes y despu\u00e9s muchas veces, repito, aunque no con tanta intensidad. No hab\u00eda obtenido hasta entonces ning\u00fan \u00e9xito tan repentino, ni de tanta importancia, despu\u00e9s me he ido acostumbrando a este g\u00e9nero de sorpresas.<\/p>\n\n\n\n<p>Sereno ya y repuesto, continu\u00e9 la sesi\u00f3n diciendo: <em>\u201cManuel: ya ha oido V. c\u00f3mo habla: as\u00ed hablar\u00e1 V. ya siempre; ya no tiene usted paralizada la lengua; ya traga V. con completa facilidad; voy a despertarle , pero nada de asustarse al ver que despierto habla V. lo mismo que ha hablado dormido. Despierte V.<\/em><\/p>\n\n\n\n<p>Renuncio a describir la escena que sigui\u00f3 a esta \u00faltima sugesti\u00f3n. El son\u00e1mbulo despert\u00f3 y empez\u00f3 a hablar, contestando a nuestras preguntas con claridad completa. Al principio se qued\u00f3 as\u00ed como sobrecogido, fue un minuto; despu\u00e9s, levant\u00e1ndose, lloraba y re\u00eda y me daba la mano y me abrazaba. Su hermano le hac\u00eda coro y yo, que ya estaba asaz predispuesto, hube de hacer un soberano esfuerzo para que la emoci\u00f3n que a todos nos embargaba, no pasara los l\u00edmites de la alegr\u00eda. Consegu\u00ed la calma del enfermo y ya no le puse restricciones al uso de su palabra.<\/p>\n\n\n\n<p>Juzgo in\u00fatil seguir refiriendo con detalles las hipnotizaciones sucesivas hechas primero una al d\u00eda y dos diarias del 5\u00ba al 7\u00ba. Lo que dict\u00f3 esta conducta fue que al enfermo se le oscurec\u00eda algo la palabra pasadas ocho o diez horas de la sugesti\u00f3n, not\u00e1ndose un tanto de dificultad en la pronunciaci\u00f3n de las letras paladiales. Todo fue desapareciendo r\u00e1pidamente; y desde el 16 de Octubre, a los siete de su ingreso en mi cl\u00ednica, la normalidad de la fonaci\u00f3n fue completa y persistente. Algunas veces m\u00e1s hipnotic\u00e9 al enfermo antes de regresar a su casa, m\u00e1s por darle gusto que porque, hubiera necesidad; y hoy 24 de Diciembre, seg\u00fan carta que tengo a la vista, no ha vuelto a sentir la menor molestia relacionada con su curado y penoso padecimiento.<\/p>\n\n\n\n<p>Que los detractores del Hipnotismo citen curaciones de esta categor\u00eda, y entonces discutiremos sobre la superioridad de cada m\u00e9todo terap\u00e9utico.<\/p>\n\n\n\n<p>&#8212;&#8212;&#8212;&#8212;&#8212;<\/p>\n\n\n\n<p>(1) En todas consignar\u00e9 el nombre y apellidos del enfermo y su domicilio, debidamente autorizado por cada uno, para que los detractores del Hipnotismo se entretengan, si gustan, en comprobar su exactitud.<\/p>\n","protected":false},"excerpt":{"rendered":"<p>Tras la \u00faltima publicaci\u00f3n de Hippolyte Bernheim en Francia sobre la sugesti\u00f3n hipn\u00f3tica, Abd\u00f3n S\u00e1nchez Herrero, decidi\u00f3 experimentar en su cl\u00ednica de Valladolid, sus propias experiencias con pacientes y dar conferencias experimentales en la Facultad de Medicina a sus alumnos. La sorpresa fue el gran inter\u00e9s que produjo y la asistencia de un gran numero &hellip; <\/p>\n<p class=\"link-more\"><a href=\"https:\/\/www.sanchez-herrero.es\/index.php\/hipnotismo-y-sugestion-prensa-1886-87\/\" class=\"more-link\">Continuar leyendo<span class=\"screen-reader-text\"> \u00abHipnotismo y Sugesti\u00f3n prensa 1886-87\u00bb<\/span><\/a><\/p>\n","protected":false},"author":1,"featured_media":0,"parent":0,"menu_order":0,"comment_status":"closed","ping_status":"closed","template":"","meta":{"footnotes":""},"class_list":["post-221","page","type-page","status-publish","hentry"],"_links":{"self":[{"href":"https:\/\/www.sanchez-herrero.es\/index.php\/wp-json\/wp\/v2\/pages\/221","targetHints":{"allow":["GET"]}}],"collection":[{"href":"https:\/\/www.sanchez-herrero.es\/index.php\/wp-json\/wp\/v2\/pages"}],"about":[{"href":"https:\/\/www.sanchez-herrero.es\/index.php\/wp-json\/wp\/v2\/types\/page"}],"author":[{"embeddable":true,"href":"https:\/\/www.sanchez-herrero.es\/index.php\/wp-json\/wp\/v2\/users\/1"}],"replies":[{"embeddable":true,"href":"https:\/\/www.sanchez-herrero.es\/index.php\/wp-json\/wp\/v2\/comments?post=221"}],"version-history":[{"count":21,"href":"https:\/\/www.sanchez-herrero.es\/index.php\/wp-json\/wp\/v2\/pages\/221\/revisions"}],"predecessor-version":[{"id":289,"href":"https:\/\/www.sanchez-herrero.es\/index.php\/wp-json\/wp\/v2\/pages\/221\/revisions\/289"}],"wp:attachment":[{"href":"https:\/\/www.sanchez-herrero.es\/index.php\/wp-json\/wp\/v2\/media?parent=221"}],"curies":[{"name":"wp","href":"https:\/\/api.w.org\/{rel}","templated":true}]}}