{"id":201,"date":"2020-06-18T18:27:49","date_gmt":"2020-06-18T18:27:49","guid":{"rendered":"https:\/\/web.sanchez-herrero.es\/?page_id=201"},"modified":"2020-06-19T18:19:54","modified_gmt":"2020-06-19T18:19:54","slug":"precursor-de-maranon","status":"publish","type":"page","link":"https:\/\/www.sanchez-herrero.es\/index.php\/precursor-de-maranon\/","title":{"rendered":"Precursor de Mara\u00f1on"},"content":{"rendered":"\n<figure class=\"wp-block-image size-large is-resized\"><img loading=\"lazy\" decoding=\"async\" src=\"https:\/\/web.sanchez-herrero.es\/wp-content\/uploads\/2020\/06\/Dedicatoria-Maran\u0303o\u0301n-limpia-740x1024.jpg\" alt=\"\" class=\"wp-image-200\" width=\"753\" height=\"1041\" srcset=\"https:\/\/www.sanchez-herrero.es\/wp-content\/uploads\/2020\/06\/Dedicatoria-Maran\u0303o\u0301n-limpia-740x1024.jpg 740w, https:\/\/www.sanchez-herrero.es\/wp-content\/uploads\/2020\/06\/Dedicatoria-Maran\u0303o\u0301n-limpia-217x300.jpg 217w, https:\/\/www.sanchez-herrero.es\/wp-content\/uploads\/2020\/06\/Dedicatoria-Maran\u0303o\u0301n-limpia-scaled.jpg 1850w\" sizes=\"auto, (max-width: 706px) 89vw, (max-width: 767px) 82vw, 740px\" \/><figcaption>Foto dedicada: \u00abA mi querido amigo y colega R.(Roberto) Sanchez Herrero, con el homenaje a su apellido y el afecto a su persona de G. Mara\u00f1\u00f3n  Mayo 1935\u00bb<\/figcaption><\/figure>\n\n\n\n<p>Gregorio Mara\u00f1\u00f3n ten\u00eda un gran aprecio por mi abuelo y gran admiraci\u00f3n por la obra de mi bisabuelo Abd\u00f3n que no pudo tenerle como profesor porque falleci\u00f3 en 1904 y Mara\u00f1\u00f3n cursaba el segundo a\u00f1o de carrera. No obstante, como gran estudioso, conoc\u00eda las experiencias y publicaciones de Abd\u00f3n sobre todo las concernientes a las referidas a las secreciones internas.<\/p>\n\n\n\n<p>Seg\u00fan dice Antonio Orozco Acuaviva en la <strong>Historia de la Endrocrinolog\u00eda Espa\u00f1ola<\/strong> (1) Abd\u00f3n S\u00e1nchez Herrero, es el primer profesor de San Carlos que aborda el tema endocrinol\u00f3gico al emplear en su cl\u00ednica m\u00e9dica universitaria, y en su consultorio privado, las experiencias de Brown-S\u00e8quard y D\u00b4Arsonval sobre extractos testiculares, aunque Mara\u00f1on no tuvo oportunidad de recibir sus clases porque S\u00e1nchez Herrero falleci\u00f3 en 1904, el a\u00f1o que Mara\u00f1\u00f3n estaba a\u00fan en segundo curso de la carrera. Pero dada la gran capacidad de lectura de Mara\u00f1on y lo reciente de las publicaciones de S\u00e1nchez Herrero ser\u00eda extra\u00f1o que no llegara a sus manos las<a rel=\"noreferrer noopener\" href=\"https:\/\/www.sanchez-herrero.es\/libros\/Algunas-lecciones-CM-Completo.pdf\" target=\"_blank\"> <em><strong>Lecciones del curso de cl\u00ednica m\u00e9dica<\/strong><\/em><\/a> que Abd\u00f3n hab\u00eda dado en el curso acad\u00e9mico 1892-1893  y en donde relata, como ya hemos comentado, sus experiencias con jugo testicular de carnero, con una t\u00e9cnica suya personal simplificaday con unos resultados objetivos, seg\u00fan manifestaba.Tambi\u00e9n public\u00f3 posteriormente en 1897, una serie de art\u00edculos sobre la diabetes sacarina, y otro sobre la astenia linfad\u00e9nica en los Anales M\u00e9dicos Gaditanos (3) recordando posiblemente su \u00e9poca de catedr\u00e1tico en C\u00e1diz.\u00bb<\/p>\n\n\n\n<p><\/p>\n\n\n\n<p><\/p>\n\n\n\n<p><\/p>\n\n\n\n<p><a href=\"https:\/\/books.google.es\/books?id=3Xm_6QpniI8C&amp;pg=PA42&amp;lpg=PA42&amp;dq=abdon+sanchez+herrero+amsterdam&amp;source=bl&amp;ots=6V3U90rUVw&amp;sig=ACfU3U0JMm7KaJ0scJfEuWrdAMDGkji9DQ&amp;hl=es&amp;sa=X&amp;ved=2ahUKEwiw0-W--IvqAhVwBGMBHfHbC1QQ6AEwBHoECBQQAQ#v=onepage&amp;q=abdon%20sanchez%20herrero%20amsterdam&amp;f=false\"><strong>(1) de la Endrocrinolog\u00eda Espa\u00f1ola<\/strong><\/a> <\/p>\n\n\n\n<p><strong>2-<\/strong>Antonio Orozco Acuaviva (C\u00e1diz1934) es catedr\u00e1tico de Historia de la Medicina de la Universidad de C\u00e1diz y entre otros cargos, es; Presidente de la Real Academia de Medicina y Cirug\u00eda de la Universidad de C\u00e1diz y Presidente de la Sociedad de Historia de Medicina Hispano Americana.<\/p>\n\n\n\n<p> <\/p>\n\n\n\n<p><em><strong>3- <\/strong>S\u00e1nchez Herrero, Abd\u00f3n (1898): Astenia Linfad\u00e9nica Anales M. Gaditanos XVII, 3, 61-67 <\/em><\/p>\n","protected":false},"excerpt":{"rendered":"<p>Gregorio Mara\u00f1\u00f3n ten\u00eda un gran aprecio por mi abuelo y gran admiraci\u00f3n por la obra de mi bisabuelo Abd\u00f3n que no pudo tenerle como profesor porque falleci\u00f3 en 1904 y Mara\u00f1\u00f3n cursaba el segundo a\u00f1o de carrera. No obstante, como gran estudioso, conoc\u00eda las experiencias y publicaciones de Abd\u00f3n sobre todo las concernientes a las &hellip; <\/p>\n<p class=\"link-more\"><a href=\"https:\/\/www.sanchez-herrero.es\/index.php\/precursor-de-maranon\/\" class=\"more-link\">Continuar leyendo<span class=\"screen-reader-text\"> \u00abPrecursor de Mara\u00f1on\u00bb<\/span><\/a><\/p>\n","protected":false},"author":1,"featured_media":0,"parent":0,"menu_order":0,"comment_status":"closed","ping_status":"closed","template":"","meta":{"footnotes":""},"class_list":["post-201","page","type-page","status-publish","hentry"],"_links":{"self":[{"href":"https:\/\/www.sanchez-herrero.es\/index.php\/wp-json\/wp\/v2\/pages\/201","targetHints":{"allow":["GET"]}}],"collection":[{"href":"https:\/\/www.sanchez-herrero.es\/index.php\/wp-json\/wp\/v2\/pages"}],"about":[{"href":"https:\/\/www.sanchez-herrero.es\/index.php\/wp-json\/wp\/v2\/types\/page"}],"author":[{"embeddable":true,"href":"https:\/\/www.sanchez-herrero.es\/index.php\/wp-json\/wp\/v2\/users\/1"}],"replies":[{"embeddable":true,"href":"https:\/\/www.sanchez-herrero.es\/index.php\/wp-json\/wp\/v2\/comments?post=201"}],"version-history":[{"count":6,"href":"https:\/\/www.sanchez-herrero.es\/index.php\/wp-json\/wp\/v2\/pages\/201\/revisions"}],"predecessor-version":[{"id":237,"href":"https:\/\/www.sanchez-herrero.es\/index.php\/wp-json\/wp\/v2\/pages\/201\/revisions\/237"}],"wp:attachment":[{"href":"https:\/\/www.sanchez-herrero.es\/index.php\/wp-json\/wp\/v2\/media?parent=201"}],"curies":[{"name":"wp","href":"https:\/\/api.w.org\/{rel}","templated":true}]}}